{"id":27,"date":"2023-09-11T10:09:46","date_gmt":"2023-09-11T10:09:46","guid":{"rendered":"http:\/\/sabrimuratersoz.com\/wp\/about\/"},"modified":"2026-04-07T20:04:35","modified_gmt":"2026-04-07T20:04:35","slug":"about","status":"publish","type":"page","link":"http:\/\/sabrimuratersoz.com\/wp\/about\/","title":{"rendered":"Hakk\u0131mda"},"content":{"rendered":"\n\n\nHakk\u0131mda\n\n\n\n\n<h2><u><strong>Hakk\u0131mda Bilgi Edinin<\/strong><\/u><\/h2>\n<p>01.03.1977 Istanbul do\u011fumluyum. \u0130stanbul \u00dcniversitesi, SBMYO Turizm mezunuyum. Turizm, Bilgi \u0130\u015flem, Yurtd\u0131\u015f\u0131 E\u011fitim Dan\u0131\u015fmanl\u0131\u011f\u0131 ve Antika al\u0131m sat\u0131m\u0131 \u00fczerine i\u015flerde \u00e7al\u0131\u015ft\u0131m, en son yurtd\u0131\u015f\u0131 e\u011fitim \u00fczerine dan\u0131\u015fmanl\u0131k yapmaktayd\u0131m ve emekli oldum. 2024 y\u0131l\u0131ndan beri sporcu arkada\u015flar\u0131ma hedeflerine y\u00f6nelik ko\u00e7luk ve antren\u00f6rl\u00fck yapmaktayd\u0131m. Halen Antren\u00f6r olarak \u00f6zel dersler vermekteyim. 38 senedir lisansl\u0131 y\u00fcz\u00fcc\u00fcy\u00fcm. Su sporlar\u0131n\u0131n \u00e7o\u011funa merakl\u0131y\u0131m ve yapmaktay\u0131m. Meslek lisesinden A\u015f\u00e7\u0131l\u0131k b\u00f6l\u00fcm\u00fc mezunu oldu\u011fum i\u00e7in karadaki hobilerimin ba\u015f\u0131nda iyi yemekler yapmak geliyor. Ayr\u0131ca iyi global bir gezginim, tarih, k\u00fclt\u00fcr, arkeoloji konusunda merak\u0131m var. Seyahatlerimin hepsi ya spor ya da \u015fehir ve k\u00fclt\u00fcr turizmi.<\/p>\n<h2><u><strong>Spor Kariyerim<\/strong><\/u><\/h2>\n<p>8 ile 14 ya\u015f aras\u0131 k\u00fc\u00e7\u00fckler ve ya\u015f gruplar\u0131nda \u0130stanbul Y\u00fczme \u0130htisas kul\u00fcb\u00fcnde lisansl\u0131 Sporcu olarak bir \u00e7ok \u015fampiyonaya kat\u0131l\u0131p ba\u015far\u0131lar alm\u0131\u015f eski bir y\u00fcz\u00fcc\u00fc olarak y\u0131llar sonra 2010 ile 2013 aras\u0131, sonras\u0131nda 2019 y\u0131l\u0131ndan da bu zaman kadar ge\u00e7en s\u00fcrede yine lisansl\u0131 y\u00fcz\u00fcc\u00fc olarak master kategorisinde y\u00fczme sporuna ve master m\u00fcsabakalar\u0131na devam ediyorum. Bir havuz y\u00fcz\u00fcc\u00fcs\u00fc olarak 2012 den bu yana master havuz yar\u0131\u015flar\u0131nda yine bir \u00e7ok iyi derece ald\u0131m. 2019 y\u0131l\u0131ndan sonraki s\u00fcre\u00e7te D\u00fcnyada a\u00e7\u0131ksu y\u00fczme ekol\u00fcndeki y\u00fckselme, T\u00fcrkiye y\u00fczme camias\u0131n\u0131n da buna olan derin ilgisi ve bireysel ba\u015far\u0131lar\u0131n artmas\u0131 beni severek yapt\u0131\u011f\u0131m y\u00fczme sporunda a\u00e7\u0131ksu yar\u0131\u015flar\u0131na da kat\u0131lmaya ve buradaki performans\u0131m\u0131 her ge\u00e7en g\u00fcn y\u00fckselterek maraton seviyesine do\u011fru antrenmanlar\u0131ma devam etmeye te\u015fvik etti. Havuz ve A\u00e7\u0131ksu yar\u0131\u015flar\u0131na kat\u0131lmaya ve ba\u015far\u0131lar almaya devam etmemin yan\u0131 s\u0131ra b\u00fcy\u00fck bir ilgim olan so\u011fuk su antrenmanlar\u0131n\u0131 severek ve iyi bir adaptasyonla yapmaya ba\u015flad\u0131m. D\u00fcnayda bir s\u00fcredir yayg\u0131nla\u015fan ve iki ciddi federasyon taraf\u0131ndan y\u00fcr\u00fct\u00fclen K\u0131\u015f Y\u00fczmesi veya di\u011fer ad\u0131yla Buz y\u00fczmesine de ilgi duyarak bu bran\u015fa ilgi duyan arkada\u015flar\u0131m\u0131zla bir araya gelerek \u00e7al\u0131\u015fmaya ba\u015flad\u0131k.&nbsp;<br><br>2012 &#8216;den bu yana A\u00e7\u0131ksu bran\u015f\u0131nda Urla, \u00c7anakkale Bo\u011faz\u0131 Yar\u0131\u015f\u0131, \u0130stanbul Bo\u011faz\u0131 Yar\u0131\u015f\u0131, \u0130stanbulda d\u00fczenlenen Kartal, Suadiye, Adalar, Beykoz, \u015eile a\u00e7\u0131ksu yar\u0131\u015flar\u0131, Fethiye \u00d6l\u00fcdeniz, Dat\u00e7a So\u011fuksu Yar\u0131\u015f\u0131, Marmaris Aquachalange, Ku\u015fadas\u0131, Erdek Biathle Yar\u0131\u015f\u0131 (Ko\u015fu+Y\u00fczme) gibi yar\u0131\u015flara defalarca kat\u0131larak hemen hemen hepsinde ba\u015far\u0131l\u0131 sonu\u00e7lar, bir\u00e7o\u011funda ya\u015fgrubu birincilikleri ald\u0131m.<\/p><p><br><\/p><p>2023 May\u0131s&#8217;\u0131nda Uzun Kulvar Masterlar T\u00fcrkiye \u015eampiyonas\u0131nda Havuzda kendi kategorimde 200 Metre Kurba\u011fa rekoru k\u0131rd\u0131m.<br><br>2-8 Mart 2026 tarihlerinde Finlandiya&#8217;n\u0131n Oulu \u015fehrinde d\u00fczenlenen D\u00fcnya K\u0131\u015f Y\u00fczme \u015eampiyonas\u0131na T\u00fcrkiye&#8217;den olu\u015fturdu\u011fumuz 11 ki\u015filik tak\u0131m ile birlikte kat\u0131ld\u0131k. Bu yar\u0131\u015flarda A s\u0131n\u0131f\u0131 -0,2C derece suda, 25 metre Kurba\u011falama yar\u0131\u015f\u0131nda kategorimde D\u00fcnya 2ncisi oldum. Ayr\u0131ca di\u011fer 3 bireysel yar\u0131\u015f\u0131mda da ilk 5 de yer ald\u0131m.<\/p>\n<h2><u><strong>Hedeflerim<\/strong><\/u><br><\/h2>\n<p>&nbsp;Hedeflerim aras\u0131nda &#8220;7 Ocean&#8221; olarak bilinen, \u00e7e\u015fitli okyanus kanallar\u0131nda yap\u0131lan, \u00e7ok prestijli a\u00e7\u0131ksu ge\u00e7i\u015fleri de bulunmakta. Bir \u00e7o\u011fu b\u00fcy\u00fck mesafeler ve zorlu parkurlar olan 7 etap i\u00e7in antrenman yapmaktay\u0131m. Uzun mesafe parkur denemelerimi ba\u015far\u0131yla ge\u00e7mekteyim. 2023 &#8216;de G\u00f6zetmen e\u015fli\u011finde 16C derece suda 6 saat 3 dakika aral\u0131ks\u0131z 18Km.&#8217;den fazla y\u00fczd\u00fcm. Halen ayn\u0131 mesafeleri daha da so\u011fuk sularda daha seri yar\u0131\u015f temposunda y\u00fczebilecek kapasitede \u00e7al\u0131\u015fmaktay\u0131m.&nbsp;<\/p><p><br><\/p><p>Y\u00fczme kariyerime havuz, a\u00e7\u0131ksu, buz y\u00fczmesi ve Antran\u00f6r olarak ba\u015far\u0131l\u0131 \u015fekilde devam etmekteyim&#8230;<\/p>\n\n\n\n\n\n\n\n\n\n\n\n\n\n\n\n\n\n<h2><u>Sabri Murat Ers\u00f6z &#8211; Sporcu Bilgileri<\/u><\/h2>\n<p><strong>Bran\u015f :<\/strong>&nbsp;Y\u00fczme \/ T\u00fcm Disiplinler<br><\/p>\n<p><strong>Stat\u00fc : <\/strong>T\u00fcrk Master Y\u00fcz\u00fcc\u00fcs\u00fc, Buz Y\u00fcz\u00fcc\u00fcs\u00fc, Y\u00fczme Antran\u00f6r\u00fc<\/p>\n<p><strong>M\u00fcsabakalar \/ Etkinlikler :<\/strong> Havuz, A\u00e7\u0131<span style=\"font-size:x-large;\"><\/span>ksu, So\u011fuksu, K\u0131\u015f<\/p>\n<p><strong>G\u00fcncel Hedefleri : <\/strong>7 Ocean, Buz Y\u00fczmesi, Marathon, Uluslararas\u0131 yar\u0131\u015flar<\/p>\n<p><strong>\u015eehir :<\/strong> \u0130stanbul<span style=\"font-size:x-large;\"><\/span>\n<\/p>\n<p><strong>Do\u011fum : <\/strong>01.03.19<span style=\"font-size:x-large;\"><\/span>77\n<\/p>\n<p><strong>Boy :<\/strong> 182<span style=\"font-size:x-large;\"><\/span>\n<\/p>\n<p><strong>Kilo : <\/strong>86<\/p>\n<p><strong>E\u011fitim :<\/strong> \u0130stanbul \u00dcni. S<span style=\"font-size:x-large;\"><\/span>BMYO. Turizm<\/p>\n<p><strong>Kulland\u0131\u011f\u0131 Diller :<\/strong> T\u00fcrk\u00e7e, \u0130ngi<span style=\"font-size:x-large;\"><\/span>lizce<\/p>\n<p><span style=\"font-size:x-large;\"><span style=\"\"><\/span><\/span>\n<\/p>\n\n\n<strong><u>\u0130statistiklerim<\/u><\/strong>\n\n\n\n\n\n\n\n\n\n\n\n\n\n\n\n\n\n\n\n\n\n\n\n\n\n\n\n\n\n\n\n\n\n\n\n\n\n\n\n\n\n\n\n\n\n\n\n\n\n\n\n\n\n\n\n\n\n\n<u><strong>Hakk\u0131mda yap\u0131lan yorum ve de\u011ferlendirmeler<\/strong><\/u>\n\n\n\n\n<p style=\"font-size: 16px\">Sporcumuzun \u00d6n\u00fcn\u00fcn \u00e7ok a\u00e7\u0131k oldu\u011funa inanc\u0131m\u0131z tamd\u0131r. Kendisi teknik ve kondisyon a\u00e7\u0131s\u0131ndan her t\u00fcrl\u00fc zorlu y\u00fczme etab\u0131n\u0131 ba\u015far\u0131yla tamamlayabilir.<\/p><p style=\"font-size: 16px\">Ey\u00fcp Han Batur<\/p>\n\n\n<p style=\"font-size: 16px\">Maddi ve Manevi desteklemekten gurur duydu\u011fumuz Sporcunun bize katt\u0131\u011f\u0131 de\u011fer ve kendi spor kariyerindeki ilerleme i\u00e7in \u00e7ok mutluyuz.<\/p><p style=\"font-size: 16px\">Emine Nilg\u00fcn Yurtsever<\/p>\n\n\n\n\n","protected":false},"excerpt":{"rendered":"","protected":false},"author":0,"featured_media":0,"parent":0,"menu_order":0,"comment_status":"closed","ping_status":"closed","template":"","meta":{"pagelayer_contact_templates":[],"_pagelayer_content":"","footnotes":""},"class_list":["post-27","page","type-page","status-publish","hentry"],"_links":{"self":[{"href":"http:\/\/sabrimuratersoz.com\/wp\/wp-json\/wp\/v2\/pages\/27","targetHints":{"allow":["GET"]}}],"collection":[{"href":"http:\/\/sabrimuratersoz.com\/wp\/wp-json\/wp\/v2\/pages"}],"about":[{"href":"http:\/\/sabrimuratersoz.com\/wp\/wp-json\/wp\/v2\/types\/page"}],"replies":[{"embeddable":true,"href":"http:\/\/sabrimuratersoz.com\/wp\/wp-json\/wp\/v2\/comments?post=27"}],"version-history":[{"count":38,"href":"http:\/\/sabrimuratersoz.com\/wp\/wp-json\/wp\/v2\/pages\/27\/revisions"}],"predecessor-version":[{"id":223,"href":"http:\/\/sabrimuratersoz.com\/wp\/wp-json\/wp\/v2\/pages\/27\/revisions\/223"}],"wp:attachment":[{"href":"http:\/\/sabrimuratersoz.com\/wp\/wp-json\/wp\/v2\/media?parent=27"}],"curies":[{"name":"wp","href":"https:\/\/api.w.org\/{rel}","templated":true}]}}